{"id":9,"date":"2024-08-10T14:25:16","date_gmt":"2024-08-10T14:25:16","guid":{"rendered":"https:\/\/camilopinzoncv.julianvalencia.co\/?page_id=9"},"modified":"2025-01-08T11:33:33","modified_gmt":"2025-01-08T16:33:33","slug":"experience","status":"publish","type":"page","link":"https:\/\/camilopinzoncv.julianvalencia.co\/es\/experience\/","title":{"rendered":"Experiencia"},"content":{"rendered":"<div data-elementor-type=\"wp-page\" data-elementor-id=\"9\" class=\"elementor elementor-9\">\n\t\t\t\t<div class=\"elementor-element elementor-element-70457df e-flex e-con-boxed e-con e-parent\" data-id=\"70457df\" data-element_type=\"container\" data-e-type=\"container\">\n\t\t\t\t\t<div class=\"e-con-inner\">\n\t\t\t\t<div class=\"elementor-element elementor-element-599d5b7 elementor-widget elementor-widget-spacer\" data-id=\"599d5b7\" data-element_type=\"widget\" data-e-type=\"widget\" data-widget_type=\"spacer.default\">\n\t\t\t\t<div class=\"elementor-widget-container\">\n\t\t\t\t\t\t\t<div class=\"elementor-spacer\">\n\t\t\t<div class=\"elementor-spacer-inner\"><\/div>\n\t\t<\/div>\n\t\t\t\t\t\t<\/div>\n\t\t\t\t<\/div>\n\t\t\t\t<div class=\"elementor-element elementor-element-b488401 elementor-widget elementor-widget-heading\" data-id=\"b488401\" data-element_type=\"widget\" data-e-type=\"widget\" data-widget_type=\"heading.default\">\n\t\t\t\t<div class=\"elementor-widget-container\">\n\t\t\t\t\t<h1 class=\"elementor-heading-title elementor-size-default\">Experiencia<\/h1>\t\t\t\t<\/div>\n\t\t\t\t<\/div>\n\t\t\t\t<div class=\"elementor-element elementor-element-be5839e elementor-widget elementor-widget-spacer\" data-id=\"be5839e\" data-element_type=\"widget\" data-e-type=\"widget\" data-widget_type=\"spacer.default\">\n\t\t\t\t<div class=\"elementor-widget-container\">\n\t\t\t\t\t\t\t<div class=\"elementor-spacer\">\n\t\t\t<div class=\"elementor-spacer-inner\"><\/div>\n\t\t<\/div>\n\t\t\t\t\t\t<\/div>\n\t\t\t\t<\/div>\n\t\t\t\t\t<\/div>\n\t\t\t\t<\/div>\n\t\t<div class=\"elementor-element elementor-element-b43123c e-flex e-con-boxed e-con e-parent\" data-id=\"b43123c\" data-element_type=\"container\" data-e-type=\"container\">\n\t\t\t\t\t<div class=\"e-con-inner\">\n\t\t\t\t<div class=\"elementor-element elementor-element-d8d50ee elementor-widget elementor-widget-heading\" data-id=\"d8d50ee\" data-element_type=\"widget\" data-e-type=\"widget\" data-widget_type=\"heading.default\">\n\t\t\t\t<div class=\"elementor-widget-container\">\n\t\t\t\t\t<h2 class=\"elementor-heading-title elementor-size-default\">Freelancer<\/h2>\t\t\t\t<\/div>\n\t\t\t\t<\/div>\n\t\t\t\t<div class=\"elementor-element elementor-element-ea2f916 elementor-widget elementor-widget-text-editor\" data-id=\"ea2f916\" data-element_type=\"widget\" data-e-type=\"widget\" data-widget_type=\"text-editor.default\">\n\t\t\t\t<div class=\"elementor-widget-container\">\n\t\t\t\t\t\t\t\t\t<p><strong>Posici\u00f3n:<\/strong><\/p><ul><li>Web Developer<\/li><\/ul>\t\t\t\t\t\t\t\t<\/div>\n\t\t\t\t<\/div>\n\t\t\t\t<div class=\"elementor-element elementor-element-9db3440 elementor-widget elementor-widget-text-editor\" data-id=\"9db3440\" data-element_type=\"widget\" data-e-type=\"widget\" data-widget_type=\"text-editor.default\">\n\t\t\t\t<div class=\"elementor-widget-container\">\n\t\t\t\t\t\t\t\t\t<p><strong>Proyectos:<\/strong><\/p><ul><li class=\"experience__item__projects-list__item text\">AltaPlaza<\/li><li class=\"experience__item__projects-list__item text\">Epic Media<\/li><li class=\"experience__item__projects-list__item text\">Ostbricka<\/li><\/ul>\t\t\t\t\t\t\t\t<\/div>\n\t\t\t\t<\/div>\n\t\t\t\t<div class=\"elementor-element elementor-element-662ee60 elementor-widget elementor-widget-text-editor\" data-id=\"662ee60\" data-element_type=\"widget\" data-e-type=\"widget\" data-widget_type=\"text-editor.default\">\n\t\t\t\t<div class=\"elementor-widget-container\">\n\t\t\t\t\t\t\t\t\t<p><strong>Responsabilidades:<\/strong><\/p><ul><li class=\"experience__item__responsibilities-list__item text\">Creaci\u00f3n de widgets a la medida<\/li><li class=\"experience__item__responsibilities-list__item text\">Creaci\u00f3n de Child Themes<\/li><li class=\"experience__item__responsibilities-list__item text\">Creaci\u00f3n de componentes para WooCommerce<\/li><li class=\"experience__item__responsibilities-list__item text\">Implementar solucioes a la medida para cada proyecto<\/li><li class=\"experience__item__responsibilities-list__item text\">Optimizar y evitar el sobre uso de plugins de terceros<\/li><li class=\"experience__item__responsibilities-list__item text\">Implementar medidas para evitar bajo rendimiento del sitio y vulnerabilidades de seguridad<\/li><\/ul>\t\t\t\t\t\t\t\t<\/div>\n\t\t\t\t<\/div>\n\t\t\t\t<div class=\"elementor-element elementor-element-1f5ee56 elementor-widget elementor-widget-text-editor\" data-id=\"1f5ee56\" data-element_type=\"widget\" data-e-type=\"widget\" data-widget_type=\"text-editor.default\">\n\t\t\t\t<div class=\"elementor-widget-container\">\n\t\t\t\t\t\t\t\t\t<p><strong>Enero 2024 - Hoy<\/strong><\/p>\t\t\t\t\t\t\t\t<\/div>\n\t\t\t\t<\/div>\n\t\t\t\t<div class=\"elementor-element elementor-element-61db020 elementor-widget-divider--view-line elementor-widget elementor-widget-divider\" data-id=\"61db020\" data-element_type=\"widget\" data-e-type=\"widget\" data-widget_type=\"divider.default\">\n\t\t\t\t<div class=\"elementor-widget-container\">\n\t\t\t\t\t\t\t<div class=\"elementor-divider\">\n\t\t\t<span class=\"elementor-divider-separator\">\n\t\t\t\t\t\t<\/span>\n\t\t<\/div>\n\t\t\t\t\t\t<\/div>\n\t\t\t\t<\/div>\n\t\t\t\t\t<\/div>\n\t\t\t\t<\/div>\n\t\t<div class=\"elementor-element elementor-element-0a67184 e-flex e-con-boxed e-con e-parent\" data-id=\"0a67184\" data-element_type=\"container\" data-e-type=\"container\">\n\t\t\t\t\t<div class=\"e-con-inner\">\n\t\t\t\t<div class=\"elementor-element elementor-element-ceecf31 elementor-widget elementor-widget-heading\" data-id=\"ceecf31\" data-element_type=\"widget\" data-e-type=\"widget\" data-widget_type=\"heading.default\">\n\t\t\t\t<div class=\"elementor-widget-container\">\n\t\t\t\t\t<h2 class=\"elementor-heading-title elementor-size-default\">Huge<\/h2>\t\t\t\t<\/div>\n\t\t\t\t<\/div>\n\t\t\t\t<div class=\"elementor-element elementor-element-08cb599 elementor-widget elementor-widget-text-editor\" data-id=\"08cb599\" data-element_type=\"widget\" data-e-type=\"widget\" data-widget_type=\"text-editor.default\">\n\t\t\t\t<div class=\"elementor-widget-container\">\n\t\t\t\t\t\t\t\t\t<p><strong>Posici\u00f3n:<\/strong><\/p><ul><li>Semi-senior Software Engineer<\/li><\/ul>\t\t\t\t\t\t\t\t<\/div>\n\t\t\t\t<\/div>\n\t\t\t\t<div class=\"elementor-element elementor-element-67f46f4 elementor-widget elementor-widget-text-editor\" data-id=\"67f46f4\" data-element_type=\"widget\" data-e-type=\"widget\" data-widget_type=\"text-editor.default\">\n\t\t\t\t<div class=\"elementor-widget-container\">\n\t\t\t\t\t\t\t\t\t<p><strong>Proyectos:<\/strong><\/p><ul><li class=\"experience__item__projects-list__item text\">GPay<\/li><li class=\"experience__item__projects-list__item text\">GoogleWallet<\/li><\/ul>\t\t\t\t\t\t\t\t<\/div>\n\t\t\t\t<\/div>\n\t\t\t\t<div class=\"elementor-element elementor-element-afcc6d8 elementor-widget elementor-widget-text-editor\" data-id=\"afcc6d8\" data-element_type=\"widget\" data-e-type=\"widget\" data-widget_type=\"text-editor.default\">\n\t\t\t\t<div class=\"elementor-widget-container\">\n\t\t\t\t\t\t\t\t\t<p><strong>Responsabilidades:<\/strong><\/p><ul><li class=\"experience__item__responsibilities-list__item text\">Modificar y crear componentes para GPay y Google Wallet<\/li><li class=\"experience__item__responsibilities-list__item text\">Cargar y administrar contenidos a trav\u00e9s del CMS de la compa\u00f1\u00eda<\/li><\/ul>\t\t\t\t\t\t\t\t<\/div>\n\t\t\t\t<\/div>\n\t\t\t\t<div class=\"elementor-element elementor-element-ddc1dc2 elementor-widget elementor-widget-text-editor\" data-id=\"ddc1dc2\" data-element_type=\"widget\" data-e-type=\"widget\" data-widget_type=\"text-editor.default\">\n\t\t\t\t<div class=\"elementor-widget-container\">\n\t\t\t\t\t\t\t\t\t<p><strong>Noviembre 2022 - Julio 2023<\/strong><\/p>\t\t\t\t\t\t\t\t<\/div>\n\t\t\t\t<\/div>\n\t\t\t\t<div class=\"elementor-element elementor-element-883703f elementor-widget-divider--view-line elementor-widget elementor-widget-divider\" data-id=\"883703f\" data-element_type=\"widget\" data-e-type=\"widget\" data-widget_type=\"divider.default\">\n\t\t\t\t<div class=\"elementor-widget-container\">\n\t\t\t\t\t\t\t<div class=\"elementor-divider\">\n\t\t\t<span class=\"elementor-divider-separator\">\n\t\t\t\t\t\t<\/span>\n\t\t<\/div>\n\t\t\t\t\t\t<\/div>\n\t\t\t\t<\/div>\n\t\t\t\t\t<\/div>\n\t\t\t\t<\/div>\n\t\t<div class=\"elementor-element elementor-element-f56ec52 e-flex e-con-boxed e-con e-parent\" data-id=\"f56ec52\" data-element_type=\"container\" data-e-type=\"container\">\n\t\t\t\t\t<div class=\"e-con-inner\">\n\t\t\t\t<div class=\"elementor-element elementor-element-50c0a49 elementor-widget elementor-widget-heading\" data-id=\"50c0a49\" data-element_type=\"widget\" data-e-type=\"widget\" data-widget_type=\"heading.default\">\n\t\t\t\t<div class=\"elementor-widget-container\">\n\t\t\t\t\t<h2 class=\"elementor-heading-title elementor-size-default\">Mill 5<\/h2>\t\t\t\t<\/div>\n\t\t\t\t<\/div>\n\t\t\t\t<div class=\"elementor-element elementor-element-e8d5e29 elementor-widget elementor-widget-text-editor\" data-id=\"e8d5e29\" data-element_type=\"widget\" data-e-type=\"widget\" data-widget_type=\"text-editor.default\">\n\t\t\t\t<div class=\"elementor-widget-container\">\n\t\t\t\t\t\t\t\t\t<p><strong>Posici\u00f3n:<\/strong><\/p><ul><li>Software Engineer<\/li><\/ul>\t\t\t\t\t\t\t\t<\/div>\n\t\t\t\t<\/div>\n\t\t\t\t<div class=\"elementor-element elementor-element-7f56718 elementor-widget elementor-widget-text-editor\" data-id=\"7f56718\" data-element_type=\"widget\" data-e-type=\"widget\" data-widget_type=\"text-editor.default\">\n\t\t\t\t<div class=\"elementor-widget-container\">\n\t\t\t\t\t\t\t\t\t<p><strong>Proyectos:<\/strong><\/p><ul><li class=\"experience__item__projects-list__item text\">Alyce<\/li><\/ul>\t\t\t\t\t\t\t\t<\/div>\n\t\t\t\t<\/div>\n\t\t\t\t<div class=\"elementor-element elementor-element-8fb21e3 elementor-widget elementor-widget-text-editor\" data-id=\"8fb21e3\" data-element_type=\"widget\" data-e-type=\"widget\" data-widget_type=\"text-editor.default\">\n\t\t\t\t<div class=\"elementor-widget-container\">\n\t\t\t\t\t\t\t\t\t<p><strong>Responsabilidades:<\/strong><\/p><ul><li class=\"experience__item__responsibilities-list__item text\">Desarrollar nuevas funcionalidades en compunentes de React utilizando TypeScript<\/li><li class=\"experience__item__responsibilities-list__item text\">Re-hacer viejos componentes de JavaScript a TypeScript<\/li><li class=\"experience__item__responsibilities-list__item text\">Participar en las reuniones de planeaci\u00f3n, implementaci\u00f3n y toma de decisiones<\/li><\/ul>\t\t\t\t\t\t\t\t<\/div>\n\t\t\t\t<\/div>\n\t\t\t\t<div class=\"elementor-element elementor-element-a3472e3 elementor-widget elementor-widget-text-editor\" data-id=\"a3472e3\" data-element_type=\"widget\" data-e-type=\"widget\" data-widget_type=\"text-editor.default\">\n\t\t\t\t<div class=\"elementor-widget-container\">\n\t\t\t\t\t\t\t\t\t<p><strong>Junio 2022 - Septiembre 2022<\/strong><\/p>\t\t\t\t\t\t\t\t<\/div>\n\t\t\t\t<\/div>\n\t\t\t\t<div class=\"elementor-element elementor-element-5d0b010 elementor-widget-divider--view-line elementor-widget elementor-widget-divider\" data-id=\"5d0b010\" data-element_type=\"widget\" data-e-type=\"widget\" data-widget_type=\"divider.default\">\n\t\t\t\t<div class=\"elementor-widget-container\">\n\t\t\t\t\t\t\t<div class=\"elementor-divider\">\n\t\t\t<span class=\"elementor-divider-separator\">\n\t\t\t\t\t\t<\/span>\n\t\t<\/div>\n\t\t\t\t\t\t<\/div>\n\t\t\t\t<\/div>\n\t\t\t\t\t<\/div>\n\t\t\t\t<\/div>\n\t\t<div class=\"elementor-element elementor-element-32f7d5a e-flex e-con-boxed e-con e-parent\" data-id=\"32f7d5a\" data-element_type=\"container\" data-e-type=\"container\">\n\t\t\t\t\t<div class=\"e-con-inner\">\n\t\t\t\t<div class=\"elementor-element elementor-element-ba6e206 elementor-widget elementor-widget-heading\" data-id=\"ba6e206\" data-element_type=\"widget\" data-e-type=\"widget\" data-widget_type=\"heading.default\">\n\t\t\t\t<div class=\"elementor-widget-container\">\n\t\t\t\t\t<h2 class=\"elementor-heading-title elementor-size-default\">BairesDev<\/h2>\t\t\t\t<\/div>\n\t\t\t\t<\/div>\n\t\t\t\t<div class=\"elementor-element elementor-element-9569883 elementor-widget elementor-widget-text-editor\" data-id=\"9569883\" data-element_type=\"widget\" data-e-type=\"widget\" data-widget_type=\"text-editor.default\">\n\t\t\t\t<div class=\"elementor-widget-container\">\n\t\t\t\t\t\t\t\t\t<p><strong>Posici\u00f3n:<\/strong><\/p><ul><li>Web UI Developer<\/li><\/ul>\t\t\t\t\t\t\t\t<\/div>\n\t\t\t\t<\/div>\n\t\t\t\t<div class=\"elementor-element elementor-element-09642a4 elementor-widget elementor-widget-text-editor\" data-id=\"09642a4\" data-element_type=\"widget\" data-e-type=\"widget\" data-widget_type=\"text-editor.default\">\n\t\t\t\t<div class=\"elementor-widget-container\">\n\t\t\t\t\t\t\t\t\t<p><strong>Proyectos:<\/strong><\/p><ul><li class=\"experience__item__projects-list__item text\">Fabric Inc<\/li><li class=\"experience__item__projects-list__item text\">Via Productions<\/li><\/ul>\t\t\t\t\t\t\t\t<\/div>\n\t\t\t\t<\/div>\n\t\t\t\t<div class=\"elementor-element elementor-element-622899f elementor-widget elementor-widget-text-editor\" data-id=\"622899f\" data-element_type=\"widget\" data-e-type=\"widget\" data-widget_type=\"text-editor.default\">\n\t\t\t\t<div class=\"elementor-widget-container\">\n\t\t\t\t\t\t\t\t\t<p><strong>Responsabilidades:<\/strong><\/p><ul><li class=\"experience__item__responsibilities-list__item text\">Refactorizar viejas funciones de JavaScript a componentes de React con TypeScript<\/li><li class=\"experience__item__responsibilities-list__item text\">Mantener y mejorar c\u00f3digo antiguo<\/li><\/ul>\t\t\t\t\t\t\t\t<\/div>\n\t\t\t\t<\/div>\n\t\t\t\t<div class=\"elementor-element elementor-element-2543f69 elementor-widget elementor-widget-text-editor\" data-id=\"2543f69\" data-element_type=\"widget\" data-e-type=\"widget\" data-widget_type=\"text-editor.default\">\n\t\t\t\t<div class=\"elementor-widget-container\">\n\t\t\t\t\t\t\t\t\t<p><strong>Noviembre 2020 - Febrero 2022<\/strong><\/p>\t\t\t\t\t\t\t\t<\/div>\n\t\t\t\t<\/div>\n\t\t\t\t<div class=\"elementor-element elementor-element-5a64803 elementor-widget-divider--view-line elementor-widget elementor-widget-divider\" data-id=\"5a64803\" data-element_type=\"widget\" data-e-type=\"widget\" data-widget_type=\"divider.default\">\n\t\t\t\t<div class=\"elementor-widget-container\">\n\t\t\t\t\t\t\t<div class=\"elementor-divider\">\n\t\t\t<span class=\"elementor-divider-separator\">\n\t\t\t\t\t\t<\/span>\n\t\t<\/div>\n\t\t\t\t\t\t<\/div>\n\t\t\t\t<\/div>\n\t\t\t\t\t<\/div>\n\t\t\t\t<\/div>\n\t\t<div class=\"elementor-element elementor-element-27be0d9 e-flex e-con-boxed e-con e-parent\" data-id=\"27be0d9\" data-element_type=\"container\" data-e-type=\"container\">\n\t\t\t\t\t<div class=\"e-con-inner\">\n\t\t\t\t<div class=\"elementor-element elementor-element-29ce717 elementor-widget elementor-widget-heading\" data-id=\"29ce717\" data-element_type=\"widget\" data-e-type=\"widget\" data-widget_type=\"heading.default\">\n\t\t\t\t<div class=\"elementor-widget-container\">\n\t\t\t\t\t<h2 class=\"elementor-heading-title elementor-size-default\">Globant<\/h2>\t\t\t\t<\/div>\n\t\t\t\t<\/div>\n\t\t\t\t<div class=\"elementor-element elementor-element-97980f3 elementor-widget elementor-widget-text-editor\" data-id=\"97980f3\" data-element_type=\"widget\" data-e-type=\"widget\" data-widget_type=\"text-editor.default\">\n\t\t\t\t<div class=\"elementor-widget-container\">\n\t\t\t\t\t\t\t\t\t<p><strong>Posici\u00f3n:<\/strong><\/p><ul><li>Web UI Developer<\/li><\/ul>\t\t\t\t\t\t\t\t<\/div>\n\t\t\t\t<\/div>\n\t\t\t\t<div class=\"elementor-element elementor-element-f1c2de9 elementor-widget elementor-widget-text-editor\" data-id=\"f1c2de9\" data-element_type=\"widget\" data-e-type=\"widget\" data-widget_type=\"text-editor.default\">\n\t\t\t\t<div class=\"elementor-widget-container\">\n\t\t\t\t\t\t\t\t\t<p><strong>Proyectos:<\/strong><\/p><ul><li class=\"experience__item__projects-list__item text\">Avianca My Crew<\/li><li class=\"experience__item__projects-list__item text\">Cineplanet<\/li><li class=\"experience__item__projects-list__item text\">Tribune<\/li><\/ul>\t\t\t\t\t\t\t\t<\/div>\n\t\t\t\t<\/div>\n\t\t\t\t<div class=\"elementor-element elementor-element-f2abdd2 elementor-widget elementor-widget-text-editor\" data-id=\"f2abdd2\" data-element_type=\"widget\" data-e-type=\"widget\" data-widget_type=\"text-editor.default\">\n\t\t\t\t<div class=\"elementor-widget-container\">\n\t\t\t\t\t\t\t\t\t<p><strong>Responsabilidades:<\/strong><\/p><ul><li class=\"experience__item__responsibilities-list__item text\">Desarrollar la vista de componentes para que coincidan con los dise\u00f1os originales<\/li><li class=\"experience__item__responsibilities-list__item text\">Optimizar y cambiar componentes en React JS para el sitio de Cinaplanet<\/li><li class=\"experience__item__responsibilities-list__item text\">Hacer cambios a las funciones existentes y migrar componentes de HTML5 y JavaScript a ReactJs para el sitio de Tribune<\/li><\/ul>\t\t\t\t\t\t\t\t<\/div>\n\t\t\t\t<\/div>\n\t\t\t\t<div class=\"elementor-element elementor-element-3702f66 elementor-widget elementor-widget-text-editor\" data-id=\"3702f66\" data-element_type=\"widget\" data-e-type=\"widget\" data-widget_type=\"text-editor.default\">\n\t\t\t\t<div class=\"elementor-widget-container\">\n\t\t\t\t\t\t\t\t\t<p><strong>Junio 2017 - Mayo 2020<\/strong><\/p>\t\t\t\t\t\t\t\t<\/div>\n\t\t\t\t<\/div>\n\t\t\t\t<div class=\"elementor-element elementor-element-8426ba8 elementor-widget-divider--view-line elementor-widget elementor-widget-divider\" data-id=\"8426ba8\" data-element_type=\"widget\" data-e-type=\"widget\" data-widget_type=\"divider.default\">\n\t\t\t\t<div class=\"elementor-widget-container\">\n\t\t\t\t\t\t\t<div class=\"elementor-divider\">\n\t\t\t<span class=\"elementor-divider-separator\">\n\t\t\t\t\t\t<\/span>\n\t\t<\/div>\n\t\t\t\t\t\t<\/div>\n\t\t\t\t<\/div>\n\t\t\t\t\t<\/div>\n\t\t\t\t<\/div>\n\t\t<div class=\"elementor-element elementor-element-8277141 e-flex e-con-boxed e-con e-parent\" data-id=\"8277141\" data-element_type=\"container\" data-e-type=\"container\">\n\t\t\t\t\t<div class=\"e-con-inner\">\n\t\t\t\t<div class=\"elementor-element elementor-element-f2b314f elementor-widget elementor-widget-heading\" data-id=\"f2b314f\" data-element_type=\"widget\" data-e-type=\"widget\" data-widget_type=\"heading.default\">\n\t\t\t\t<div class=\"elementor-widget-container\">\n\t\t\t\t\t<h2 class=\"elementor-heading-title elementor-size-default\">TBWA \\<\/h2>\t\t\t\t<\/div>\n\t\t\t\t<\/div>\n\t\t\t\t<div class=\"elementor-element elementor-element-a9aa9bb elementor-widget elementor-widget-text-editor\" data-id=\"a9aa9bb\" data-element_type=\"widget\" data-e-type=\"widget\" data-widget_type=\"text-editor.default\">\n\t\t\t\t<div class=\"elementor-widget-container\">\n\t\t\t\t\t\t\t\t\t<p><strong>Posici\u00f3n:<\/strong><\/p><ul><li>Web Developer<\/li><li>Desarrollador Web L\u00edder<\/li><\/ul>\t\t\t\t\t\t\t\t<\/div>\n\t\t\t\t<\/div>\n\t\t\t\t<div class=\"elementor-element elementor-element-ef883d6 elementor-widget elementor-widget-text-editor\" data-id=\"ef883d6\" data-element_type=\"widget\" data-e-type=\"widget\" data-widget_type=\"text-editor.default\">\n\t\t\t\t<div class=\"elementor-widget-container\">\n\t\t\t\t\t\t\t\t\t<p><strong>Proyectos:<\/strong><\/p><ul class=\"experience__item__projects-list\"><li class=\"experience__item__projects-list__item text\">Cotton USA Colombia<\/li><li class=\"experience__item__projects-list__item text\">Chocolates Jumbo<\/li><li class=\"experience__item__projects-list__item text\">Chocolates Jet<\/li><li class=\"experience__item__projects-list__item text\">Jumbo Cencosud<\/li><li class=\"experience__item__projects-list__item text\">Grupo Argos<\/li><li class=\"experience__item__projects-list__item text\">SURA<\/li><li>Prodesa<\/li><li>Abbott<\/li><\/ul>\t\t\t\t\t\t\t\t<\/div>\n\t\t\t\t<\/div>\n\t\t\t\t<div class=\"elementor-element elementor-element-05a6c28 elementor-widget elementor-widget-text-editor\" data-id=\"05a6c28\" data-element_type=\"widget\" data-e-type=\"widget\" data-widget_type=\"text-editor.default\">\n\t\t\t\t<div class=\"elementor-widget-container\">\n\t\t\t\t\t\t\t\t\t<p><strong>Responsabilidades:<\/strong><\/p><ul><li class=\"experience__item__responsibilities-list__item text\">Desarrollar sitios web usando HTML5, JQuery y bootstrap<\/li><li class=\"experience__item__responsibilities-list__item text\">Liderar proyectos como el de Chocolates Jet \"\u00c1lbum Planeta Sorprendente\"<\/li><li>Escoger las tecnolog\u00edas a usar para cada proyecto<\/li><li>Coordinar comunicaciones con equipos remotos y de otras \u00e1reas<\/li><\/ul>\t\t\t\t\t\t\t\t<\/div>\n\t\t\t\t<\/div>\n\t\t\t\t<div class=\"elementor-element elementor-element-47ca5d0 elementor-widget-divider--view-line elementor-widget elementor-widget-divider\" data-id=\"47ca5d0\" data-element_type=\"widget\" data-e-type=\"widget\" data-widget_type=\"divider.default\">\n\t\t\t\t<div class=\"elementor-widget-container\">\n\t\t\t\t\t\t\t<div class=\"elementor-divider\">\n\t\t\t<span class=\"elementor-divider-separator\">\n\t\t\t\t\t\t<\/span>\n\t\t<\/div>\n\t\t\t\t\t\t<\/div>\n\t\t\t\t<\/div>\n\t\t\t\t\t<\/div>\n\t\t\t\t<\/div>\n\t\t\t\t<\/div>","protected":false},"excerpt":{"rendered":"<p>Experience Freelancer Position: Web Developer Projects: AltaPlaza Epic Media Ostbricka Resposabilities: Building custom widgetss Creating child themes Creating WooCommerce components Implementing tailored new features to each project Optimize and avoid the overuse of third &#8211; party plugins Implementing new measures to preventing poor site performance and security vulnerabilities. January 2024 &#8211; Today Huge Position: Semi-senior [&hellip;]<\/p>","protected":false},"author":1,"featured_media":0,"parent":0,"menu_order":0,"comment_status":"closed","ping_status":"closed","template":"elementor_header_footer","meta":{"footnotes":""},"class_list":["post-9","page","type-page","status-publish","hentry"],"aioseo_notices":[],"_links":{"self":[{"href":"https:\/\/camilopinzoncv.julianvalencia.co\/es\/wp-json\/wp\/v2\/pages\/9","targetHints":{"allow":["GET"]}}],"collection":[{"href":"https:\/\/camilopinzoncv.julianvalencia.co\/es\/wp-json\/wp\/v2\/pages"}],"about":[{"href":"https:\/\/camilopinzoncv.julianvalencia.co\/es\/wp-json\/wp\/v2\/types\/page"}],"author":[{"embeddable":true,"href":"https:\/\/camilopinzoncv.julianvalencia.co\/es\/wp-json\/wp\/v2\/users\/1"}],"replies":[{"embeddable":true,"href":"https:\/\/camilopinzoncv.julianvalencia.co\/es\/wp-json\/wp\/v2\/comments?post=9"}],"version-history":[{"count":6,"href":"https:\/\/camilopinzoncv.julianvalencia.co\/es\/wp-json\/wp\/v2\/pages\/9\/revisions"}],"predecessor-version":[{"id":619,"href":"https:\/\/camilopinzoncv.julianvalencia.co\/es\/wp-json\/wp\/v2\/pages\/9\/revisions\/619"}],"wp:attachment":[{"href":"https:\/\/camilopinzoncv.julianvalencia.co\/es\/wp-json\/wp\/v2\/media?parent=9"}],"curies":[{"name":"wp","href":"https:\/\/api.w.org\/{rel}","templated":true}]}}