{"id":11,"date":"2024-08-10T14:27:39","date_gmt":"2024-08-10T14:27:39","guid":{"rendered":"https:\/\/camilopinzoncv.julianvalencia.co\/?page_id=11"},"modified":"2024-08-29T18:26:26","modified_gmt":"2024-08-29T23:26:26","slug":"services","status":"publish","type":"page","link":"https:\/\/camilopinzoncv.julianvalencia.co\/es\/services\/","title":{"rendered":"Servicios"},"content":{"rendered":"<div data-elementor-type=\"wp-page\" data-elementor-id=\"11\" class=\"elementor elementor-11\">\n\t\t\t\t<div class=\"elementor-element elementor-element-6943cd9 e-flex e-con-boxed e-con e-parent\" data-id=\"6943cd9\" data-element_type=\"container\" data-e-type=\"container\">\n\t\t\t\t\t<div class=\"e-con-inner\">\n\t\t\t\t<div class=\"elementor-element elementor-element-e538463 elementor-widget elementor-widget-spacer\" data-id=\"e538463\" data-element_type=\"widget\" data-e-type=\"widget\" data-widget_type=\"spacer.default\">\n\t\t\t\t<div class=\"elementor-widget-container\">\n\t\t\t\t\t\t\t<div class=\"elementor-spacer\">\n\t\t\t<div class=\"elementor-spacer-inner\"><\/div>\n\t\t<\/div>\n\t\t\t\t\t\t<\/div>\n\t\t\t\t<\/div>\n\t\t\t\t<div class=\"elementor-element elementor-element-b3ea6ff elementor-widget elementor-widget-heading\" data-id=\"b3ea6ff\" data-element_type=\"widget\" data-e-type=\"widget\" data-widget_type=\"heading.default\">\n\t\t\t\t<div class=\"elementor-widget-container\">\n\t\t\t\t\t<h2 class=\"elementor-heading-title elementor-size-default\">Estos son algunos de mis servicios<\/h2>\t\t\t\t<\/div>\n\t\t\t\t<\/div>\n\t\t\t\t<div class=\"elementor-element elementor-element-6b785ca elementor-widget elementor-widget-spacer\" data-id=\"6b785ca\" data-element_type=\"widget\" data-e-type=\"widget\" data-widget_type=\"spacer.default\">\n\t\t\t\t<div class=\"elementor-widget-container\">\n\t\t\t\t\t\t\t<div class=\"elementor-spacer\">\n\t\t\t<div class=\"elementor-spacer-inner\"><\/div>\n\t\t<\/div>\n\t\t\t\t\t\t<\/div>\n\t\t\t\t<\/div>\n\t\t\t\t\t<\/div>\n\t\t\t\t<\/div>\n\t\t<div class=\"elementor-element elementor-element-a0a340e e-flex e-con-boxed e-con e-parent\" data-id=\"a0a340e\" data-element_type=\"container\" data-e-type=\"container\">\n\t\t\t\t\t<div class=\"e-con-inner\">\n\t\t<div class=\"elementor-element elementor-element-619e454 e-grid e-con-full e-con e-child\" data-id=\"619e454\" data-element_type=\"container\" data-e-type=\"container\">\n\t\t<div class=\"elementor-element elementor-element-149b820 e-flex e-con-boxed elementor-invisible e-con e-child\" data-id=\"149b820\" data-element_type=\"container\" data-e-type=\"container\" data-settings=\"{&quot;animation&quot;:&quot;zoomIn&quot;}\">\n\t\t\t\t\t<div class=\"e-con-inner\">\n\t\t\t\t<div class=\"elementor-element elementor-element-47e3317 elementor-widget elementor-widget-image\" data-id=\"47e3317\" data-element_type=\"widget\" data-e-type=\"widget\" data-widget_type=\"image.default\">\n\t\t\t\t<div class=\"elementor-widget-container\">\n\t\t\t\t\t\t\t\t\t\t\t\t\t\t\t<img decoding=\"async\" width=\"150\" height=\"150\" src=\"https:\/\/camilopinzoncv.julianvalencia.co\/wp-content\/uploads\/2024\/08\/web-portals-150x150.png\" class=\"attachment-thumbnail size-thumbnail wp-image-157\" alt=\"Web Portals\" srcset=\"https:\/\/camilopinzoncv.julianvalencia.co\/wp-content\/uploads\/2024\/08\/web-portals-150x150.png 150w, https:\/\/camilopinzoncv.julianvalencia.co\/wp-content\/uploads\/2024\/08\/web-portals-300x300.png 300w, https:\/\/camilopinzoncv.julianvalencia.co\/wp-content\/uploads\/2024\/08\/web-portals.png 512w\" sizes=\"(max-width: 150px) 100vw, 150px\" \/>\t\t\t\t\t\t\t\t\t\t\t\t\t\t\t<\/div>\n\t\t\t\t<\/div>\n\t\t\t\t<div class=\"elementor-element elementor-element-4264168 elementor-widget elementor-widget-text-editor\" data-id=\"4264168\" data-element_type=\"widget\" data-e-type=\"widget\" data-widget_type=\"text-editor.default\">\n\t\t\t\t<div class=\"elementor-widget-container\">\n\t\t\t\t\t\t\t\t\t<h3 style=\"text-align: center;\"><strong>Portales Web<\/strong><\/h3><p style=\"text-align: center;\">Desbloquea el potencial de tu negocio con portales web personalizados adaptados a tus necesidades espec\u00edficas. Ya sea un sistema de gesti\u00f3n de clientes, un portal para empleados o una soluci\u00f3n B2B, ofrezco portales web seguros, escalables y f\u00e1ciles de usar que optimizan tus operaciones y mejoran la experiencia del usuario. Con un enfoque en el rendimiento y la integraci\u00f3n, mis portales web est\u00e1n dise\u00f1ados para crecer junto con tu negocio.<\/p>\t\t\t\t\t\t\t\t<\/div>\n\t\t\t\t<\/div>\n\t\t\t\t<div class=\"elementor-element elementor-element-ac78b86 elementor-widget elementor-widget-button\" data-id=\"ac78b86\" data-element_type=\"widget\" data-e-type=\"widget\" data-widget_type=\"button.default\">\n\t\t\t\t<div class=\"elementor-widget-container\">\n\t\t\t\t\t\t\t\t\t<div class=\"elementor-button-wrapper\">\n\t\t\t\t\t<a class=\"elementor-button elementor-button-link elementor-size-sm\" href=\"https:\/\/camilopinzoncv.julianvalencia.co\/es\/contact\/\">\n\t\t\t\t\t\t<span class=\"elementor-button-content-wrapper\">\n\t\t\t\t\t\t\t\t\t<span class=\"elementor-button-text\">Contacto<\/span>\n\t\t\t\t\t<\/span>\n\t\t\t\t\t<\/a>\n\t\t\t\t<\/div>\n\t\t\t\t\t\t\t\t<\/div>\n\t\t\t\t<\/div>\n\t\t\t\t\t<\/div>\n\t\t\t\t<\/div>\n\t\t<div class=\"elementor-element elementor-element-7a8e5d9 e-con-full e-flex elementor-invisible e-con e-child\" data-id=\"7a8e5d9\" data-element_type=\"container\" data-e-type=\"container\" data-settings=\"{&quot;animation&quot;:&quot;zoomIn&quot;}\">\n\t\t\t\t<div class=\"elementor-element elementor-element-27e80d5 elementor-widget elementor-widget-image\" data-id=\"27e80d5\" data-element_type=\"widget\" data-e-type=\"widget\" data-widget_type=\"image.default\">\n\t\t\t\t<div class=\"elementor-widget-container\">\n\t\t\t\t\t\t\t\t\t\t\t\t\t\t\t<img decoding=\"async\" width=\"150\" height=\"150\" src=\"https:\/\/camilopinzoncv.julianvalencia.co\/wp-content\/uploads\/2024\/08\/Websites-150x150.png\" class=\"attachment-thumbnail size-thumbnail wp-image-158\" alt=\"\" srcset=\"https:\/\/camilopinzoncv.julianvalencia.co\/wp-content\/uploads\/2024\/08\/Websites-150x150.png 150w, https:\/\/camilopinzoncv.julianvalencia.co\/wp-content\/uploads\/2024\/08\/Websites-300x300.png 300w, https:\/\/camilopinzoncv.julianvalencia.co\/wp-content\/uploads\/2024\/08\/Websites.png 512w\" sizes=\"(max-width: 150px) 100vw, 150px\" \/>\t\t\t\t\t\t\t\t\t\t\t\t\t\t\t<\/div>\n\t\t\t\t<\/div>\n\t\t\t\t<div class=\"elementor-element elementor-element-4e9d242 elementor-widget elementor-widget-text-editor\" data-id=\"4e9d242\" data-element_type=\"widget\" data-e-type=\"widget\" data-widget_type=\"text-editor.default\">\n\t\t\t\t<div class=\"elementor-widget-container\">\n\t\t\t\t\t\t\t\t\t<h3 style=\"text-align: center;\"><strong>Desarrollo Web<\/strong><\/h3><p style=\"text-align: center;\">Desde sitios elegantes en WordPress hasta sitios web completamente personalizados usando React.js y Next.js, creo sitios web de alto rendimiento que resuenan con tu marca y atraen a tu audiencia. Ya sea que necesites un blog, un portafolio o un sitio empresarial, mis servicios de desarrollo aseguran un sitio web responsivo, optimizado para SEO y visualmente atractivo que impulsa el tr\u00e1fico y las conversiones.<\/p>\t\t\t\t\t\t\t\t<\/div>\n\t\t\t\t<\/div>\n\t\t\t\t<div class=\"elementor-element elementor-element-44651c6 elementor-widget elementor-widget-button\" data-id=\"44651c6\" data-element_type=\"widget\" data-e-type=\"widget\" data-widget_type=\"button.default\">\n\t\t\t\t<div class=\"elementor-widget-container\">\n\t\t\t\t\t\t\t\t\t<div class=\"elementor-button-wrapper\">\n\t\t\t\t\t<a class=\"elementor-button elementor-button-link elementor-size-sm\" href=\"https:\/\/camilopinzoncv.julianvalencia.co\/es\/contact\/\">\n\t\t\t\t\t\t<span class=\"elementor-button-content-wrapper\">\n\t\t\t\t\t\t\t\t\t<span class=\"elementor-button-text\">Contacto<\/span>\n\t\t\t\t\t<\/span>\n\t\t\t\t\t<\/a>\n\t\t\t\t<\/div>\n\t\t\t\t\t\t\t\t<\/div>\n\t\t\t\t<\/div>\n\t\t\t\t<\/div>\n\t\t<div class=\"elementor-element elementor-element-478624a e-con-full e-flex elementor-invisible e-con e-child\" data-id=\"478624a\" data-element_type=\"container\" data-e-type=\"container\" data-settings=\"{&quot;animation&quot;:&quot;zoomIn&quot;}\">\n\t\t\t\t<div class=\"elementor-element elementor-element-a1c900d elementor-widget elementor-widget-image\" data-id=\"a1c900d\" data-element_type=\"widget\" data-e-type=\"widget\" data-widget_type=\"image.default\">\n\t\t\t\t<div class=\"elementor-widget-container\">\n\t\t\t\t\t\t\t\t\t\t\t\t\t\t\t<img decoding=\"async\" width=\"150\" height=\"150\" src=\"https:\/\/camilopinzoncv.julianvalencia.co\/wp-content\/uploads\/2024\/08\/e-commerce-150x150.png\" class=\"attachment-thumbnail size-thumbnail wp-image-159\" alt=\"E-Commerce\" srcset=\"https:\/\/camilopinzoncv.julianvalencia.co\/wp-content\/uploads\/2024\/08\/e-commerce-150x150.png 150w, https:\/\/camilopinzoncv.julianvalencia.co\/wp-content\/uploads\/2024\/08\/e-commerce-300x300.png 300w, https:\/\/camilopinzoncv.julianvalencia.co\/wp-content\/uploads\/2024\/08\/e-commerce.png 512w\" sizes=\"(max-width: 150px) 100vw, 150px\" \/>\t\t\t\t\t\t\t\t\t\t\t\t\t\t\t<\/div>\n\t\t\t\t<\/div>\n\t\t\t\t<div class=\"elementor-element elementor-element-0c6dc5d elementor-widget elementor-widget-text-editor\" data-id=\"0c6dc5d\" data-element_type=\"widget\" data-e-type=\"widget\" data-widget_type=\"text-editor.default\">\n\t\t\t\t<div class=\"elementor-widget-container\">\n\t\t\t\t\t\t\t\t\t<h3 style=\"text-align: center;\"><strong>Desarrollo E-commerce<\/strong><\/h3><p style=\"text-align: center;\">Impulsa tus ventas en l\u00ednea con una poderosa plataforma de comercio electr\u00f3nico que ofrece una experiencia de compra sin interrupciones. Me especializo en construir sitios web de comercio electr\u00f3nico que son seguros, escalables y f\u00e1ciles de gestionar. Desde listados de productos hasta pasarelas de pago, cada aspecto est\u00e1 optimizado para convertir visitantes en clientes leales.<\/p>\t\t\t\t\t\t\t\t<\/div>\n\t\t\t\t<\/div>\n\t\t\t\t<div class=\"elementor-element elementor-element-9152911 elementor-widget elementor-widget-button\" data-id=\"9152911\" data-element_type=\"widget\" data-e-type=\"widget\" data-widget_type=\"button.default\">\n\t\t\t\t<div class=\"elementor-widget-container\">\n\t\t\t\t\t\t\t\t\t<div class=\"elementor-button-wrapper\">\n\t\t\t\t\t<a class=\"elementor-button elementor-button-link elementor-size-sm\" href=\"https:\/\/camilopinzoncv.julianvalencia.co\/es\/contact\/\">\n\t\t\t\t\t\t<span class=\"elementor-button-content-wrapper\">\n\t\t\t\t\t\t\t\t\t<span class=\"elementor-button-text\">Contacto<\/span>\n\t\t\t\t\t<\/span>\n\t\t\t\t\t<\/a>\n\t\t\t\t<\/div>\n\t\t\t\t\t\t\t\t<\/div>\n\t\t\t\t<\/div>\n\t\t\t\t<\/div>\n\t\t<div class=\"elementor-element elementor-element-e3cab47 e-con-full e-flex elementor-invisible e-con e-child\" data-id=\"e3cab47\" data-element_type=\"container\" data-e-type=\"container\" data-settings=\"{&quot;animation&quot;:&quot;zoomIn&quot;}\">\n\t\t\t\t<div class=\"elementor-element elementor-element-80d27f7 elementor-widget elementor-widget-image\" data-id=\"80d27f7\" data-element_type=\"widget\" data-e-type=\"widget\" data-widget_type=\"image.default\">\n\t\t\t\t<div class=\"elementor-widget-container\">\n\t\t\t\t\t\t\t\t\t\t\t\t\t\t\t<img loading=\"lazy\" decoding=\"async\" width=\"150\" height=\"150\" src=\"https:\/\/camilopinzoncv.julianvalencia.co\/wp-content\/uploads\/2024\/08\/React-development-150x150.png\" class=\"attachment-thumbnail size-thumbnail wp-image-160\" alt=\"React Development\" srcset=\"https:\/\/camilopinzoncv.julianvalencia.co\/wp-content\/uploads\/2024\/08\/React-development-150x150.png 150w, https:\/\/camilopinzoncv.julianvalencia.co\/wp-content\/uploads\/2024\/08\/React-development-300x300.png 300w, https:\/\/camilopinzoncv.julianvalencia.co\/wp-content\/uploads\/2024\/08\/React-development.png 512w\" sizes=\"(max-width: 150px) 100vw, 150px\" \/>\t\t\t\t\t\t\t\t\t\t\t\t\t\t\t<\/div>\n\t\t\t\t<\/div>\n\t\t\t\t<div class=\"elementor-element elementor-element-9d5613f elementor-widget elementor-widget-text-editor\" data-id=\"9d5613f\" data-element_type=\"widget\" data-e-type=\"widget\" data-widget_type=\"text-editor.default\">\n\t\t\t\t<div class=\"elementor-widget-container\">\n\t\t\t\t\t\t\t\t\t<h3 style=\"text-align: center;\"><strong>Desarrollo Front End con React<\/strong><\/h3><p style=\"text-align: center;\">Eleva tu presencia web con interfaces de usuario din\u00e1micas, de carga r\u00e1pida e interactivas construidas con React.js. Doy vida a tus ideas con un desarrollo frontend de vanguardia que prioriza la experiencia del usuario, el rendimiento y el SEO. Ya sea una aplicaci\u00f3n de una sola p\u00e1gina o una aplicaci\u00f3n web compleja, mis soluciones con React.js est\u00e1n dise\u00f1adas para atraer a los usuarios y potenciar tu negocio.<\/p>\t\t\t\t\t\t\t\t<\/div>\n\t\t\t\t<\/div>\n\t\t\t\t<div class=\"elementor-element elementor-element-c68d7f8 elementor-widget elementor-widget-button\" data-id=\"c68d7f8\" data-element_type=\"widget\" data-e-type=\"widget\" data-widget_type=\"button.default\">\n\t\t\t\t<div class=\"elementor-widget-container\">\n\t\t\t\t\t\t\t\t\t<div class=\"elementor-button-wrapper\">\n\t\t\t\t\t<a class=\"elementor-button elementor-button-link elementor-size-sm\" href=\"https:\/\/camilopinzoncv.julianvalencia.co\/es\/contact\/\">\n\t\t\t\t\t\t<span class=\"elementor-button-content-wrapper\">\n\t\t\t\t\t\t\t\t\t<span class=\"elementor-button-text\">Contacto<\/span>\n\t\t\t\t\t<\/span>\n\t\t\t\t\t<\/a>\n\t\t\t\t<\/div>\n\t\t\t\t\t\t\t\t<\/div>\n\t\t\t\t<\/div>\n\t\t\t\t<\/div>\n\t\t\t\t<\/div>\n\t\t\t\t\t<\/div>\n\t\t\t\t<\/div>\n\t\t<div class=\"elementor-element elementor-element-b691b10 e-flex e-con-boxed e-con e-parent\" data-id=\"b691b10\" data-element_type=\"container\" data-e-type=\"container\">\n\t\t\t\t\t<div class=\"e-con-inner\">\n\t\t<div class=\"elementor-element elementor-element-ef8227c e-con-full e-flex e-con e-child\" data-id=\"ef8227c\" data-element_type=\"container\" data-e-type=\"container\">\n\t\t\t\t<\/div>\n\t\t<div class=\"elementor-element elementor-element-fe57374 e-con-full e-flex elementor-invisible e-con e-child\" data-id=\"fe57374\" data-element_type=\"container\" data-e-type=\"container\" data-settings=\"{&quot;animation&quot;:&quot;zoomIn&quot;}\">\n\t\t<div class=\"elementor-element elementor-element-27c188f e-con-full e-flex e-con e-child\" data-id=\"27c188f\" data-element_type=\"container\" data-e-type=\"container\">\n\t\t\t\t<div class=\"elementor-element elementor-element-cc48fe5 elementor-widget elementor-widget-image\" data-id=\"cc48fe5\" data-element_type=\"widget\" data-e-type=\"widget\" data-widget_type=\"image.default\">\n\t\t\t\t<div class=\"elementor-widget-container\">\n\t\t\t\t\t\t\t\t\t\t\t\t\t\t\t<img loading=\"lazy\" decoding=\"async\" width=\"150\" height=\"150\" src=\"https:\/\/camilopinzoncv.julianvalencia.co\/wp-content\/uploads\/2024\/08\/Javascript-development-150x150.png\" class=\"attachment-thumbnail size-thumbnail wp-image-161\" alt=\"JavaScript Development\" srcset=\"https:\/\/camilopinzoncv.julianvalencia.co\/wp-content\/uploads\/2024\/08\/Javascript-development-150x150.png 150w, https:\/\/camilopinzoncv.julianvalencia.co\/wp-content\/uploads\/2024\/08\/Javascript-development-300x300.png 300w, https:\/\/camilopinzoncv.julianvalencia.co\/wp-content\/uploads\/2024\/08\/Javascript-development.png 512w\" sizes=\"(max-width: 150px) 100vw, 150px\" \/>\t\t\t\t\t\t\t\t\t\t\t\t\t\t\t<\/div>\n\t\t\t\t<\/div>\n\t\t\t\t<div class=\"elementor-element elementor-element-0a3abbc elementor-widget elementor-widget-text-editor\" data-id=\"0a3abbc\" data-element_type=\"widget\" data-e-type=\"widget\" data-widget_type=\"text-editor.default\">\n\t\t\t\t<div class=\"elementor-widget-container\">\n\t\t\t\t\t\t\t\t\t<h3 style=\"text-align: center;\"><strong>Desarrollo JavaScript<\/strong><\/h3><p style=\"text-align: center;\">Potencia tus aplicaciones web con un desarrollo robusto en JavaScript. Creo soluciones en JavaScript ricas en funciones, escalables y mantenibles que mejoran la funcionalidad y la experiencia del usuario. Ya sea que necesites scripts personalizados, integraciones de API o funcionalidades complejas, mis servicios de desarrollo en JavaScript aseguran que tu sitio web funcione de la mejor manera.<\/p>\t\t\t\t\t\t\t\t<\/div>\n\t\t\t\t<\/div>\n\t\t\t\t<div class=\"elementor-element elementor-element-2c6174f elementor-widget elementor-widget-button\" data-id=\"2c6174f\" data-element_type=\"widget\" data-e-type=\"widget\" data-widget_type=\"button.default\">\n\t\t\t\t<div class=\"elementor-widget-container\">\n\t\t\t\t\t\t\t\t\t<div class=\"elementor-button-wrapper\">\n\t\t\t\t\t<a class=\"elementor-button elementor-button-link elementor-size-sm\" href=\"https:\/\/camilopinzoncv.julianvalencia.co\/es\/contact\/\">\n\t\t\t\t\t\t<span class=\"elementor-button-content-wrapper\">\n\t\t\t\t\t\t\t\t\t<span class=\"elementor-button-text\">Contacto<\/span>\n\t\t\t\t\t<\/span>\n\t\t\t\t\t<\/a>\n\t\t\t\t<\/div>\n\t\t\t\t\t\t\t\t<\/div>\n\t\t\t\t<\/div>\n\t\t\t\t<\/div>\n\t\t\t\t<div class=\"elementor-element elementor-element-2c62799 elementor-widget elementor-widget-spacer\" data-id=\"2c62799\" data-element_type=\"widget\" data-e-type=\"widget\" data-widget_type=\"spacer.default\">\n\t\t\t\t<div class=\"elementor-widget-container\">\n\t\t\t\t\t\t\t<div class=\"elementor-spacer\">\n\t\t\t<div class=\"elementor-spacer-inner\"><\/div>\n\t\t<\/div>\n\t\t\t\t\t\t<\/div>\n\t\t\t\t<\/div>\n\t\t\t\t<\/div>\n\t\t<div class=\"elementor-element elementor-element-9ca1511 e-con-full e-flex e-con e-child\" data-id=\"9ca1511\" data-element_type=\"container\" data-e-type=\"container\">\n\t\t\t\t<\/div>\n\t\t\t\t\t<\/div>\n\t\t\t\t<\/div>\n\t\t\t\t<\/div>","protected":false},"excerpt":{"rendered":"<p>Those are some of my services Web Portals Unlock the potential of your business with custom web portals tailored to your specific needs. Whether it&#8217;s a client management system, an employee portal, or a B2B solution, I deliver secure, scalable, and user-friendly web portals that streamline your operations and enhance user experience. With a focus [&hellip;]<\/p>","protected":false},"author":1,"featured_media":0,"parent":0,"menu_order":0,"comment_status":"closed","ping_status":"closed","template":"elementor_header_footer","meta":{"footnotes":""},"class_list":["post-11","page","type-page","status-publish","hentry"],"aioseo_notices":[],"_links":{"self":[{"href":"https:\/\/camilopinzoncv.julianvalencia.co\/es\/wp-json\/wp\/v2\/pages\/11","targetHints":{"allow":["GET"]}}],"collection":[{"href":"https:\/\/camilopinzoncv.julianvalencia.co\/es\/wp-json\/wp\/v2\/pages"}],"about":[{"href":"https:\/\/camilopinzoncv.julianvalencia.co\/es\/wp-json\/wp\/v2\/types\/page"}],"author":[{"embeddable":true,"href":"https:\/\/camilopinzoncv.julianvalencia.co\/es\/wp-json\/wp\/v2\/users\/1"}],"replies":[{"embeddable":true,"href":"https:\/\/camilopinzoncv.julianvalencia.co\/es\/wp-json\/wp\/v2\/comments?post=11"}],"version-history":[{"count":3,"href":"https:\/\/camilopinzoncv.julianvalencia.co\/es\/wp-json\/wp\/v2\/pages\/11\/revisions"}],"predecessor-version":[{"id":341,"href":"https:\/\/camilopinzoncv.julianvalencia.co\/es\/wp-json\/wp\/v2\/pages\/11\/revisions\/341"}],"wp:attachment":[{"href":"https:\/\/camilopinzoncv.julianvalencia.co\/es\/wp-json\/wp\/v2\/media?parent=11"}],"curies":[{"name":"wp","href":"https:\/\/api.w.org\/{rel}","templated":true}]}}